{"id":834,"date":"2022-09-02T11:45:40","date_gmt":"2022-09-02T09:45:40","guid":{"rendered":"https:\/\/nature.thelastbee.ch\/?page_id=834"},"modified":"2023-02-02T10:28:44","modified_gmt":"2023-02-02T09:28:44","slug":"islands","status":"publish","type":"page","link":"https:\/\/nature.thelastbee.ch\/en\/europe\/ecosse\/islands\/","title":{"rendered":"Islands"},"content":{"rendered":"<p>[et_pb_section fb_built=\u00a0\u00bb1&Prime; specialty=\u00a0\u00bbon\u00a0\u00bb _builder_version=\u00a0\u00bb4.18.0&Prime; _module_preset=\u00a0\u00bbdefault\u00a0\u00bb background_color=\u00a0\u00bb#565868&Prime; global_colors_info=\u00a0\u00bb{}\u00a0\u00bb][et_pb_column type=\u00a0\u00bb3_4&Prime; specialty_columns=\u00a0\u00bb3&Prime; _builder_version=\u00a0\u00bb4.16&Prime; custom_padding=\u00a0\u00bb|||\u00a0\u00bb global_colors_info=\u00a0\u00bb{}\u00a0\u00bb custom_padding__hover=\u00a0\u00bb|||\u00a0\u00bb][et_pb_row_inner _builder_version=\u00a0\u00bb4.18.0&Prime; _module_preset=\u00a0\u00bbdefault\u00a0\u00bb width_tablet=\u00a0\u00bb\u00a0\u00bb width_phone=\u00a0\u00bb\u00a0\u00bb width_last_edited=\u00a0\u00bbon|desktop\u00a0\u00bb global_colors_info=\u00a0\u00bb{}\u00a0\u00bb][et_pb_column_inner saved_specialty_column_type=\u00a0\u00bb3_4&Prime; _builder_version=\u00a0\u00bb4.18.0&Prime; _module_preset=\u00a0\u00bbdefault\u00a0\u00bb global_colors_info=\u00a0\u00bb{}\u00a0\u00bb][et_pb_text _builder_version=\u00a0\u00bb4.18.0&Prime; _module_preset=\u00a0\u00bbdefault\u00a0\u00bb text_font=\u00a0\u00bb|600|||||||\u00a0\u00bb text_text_color=\u00a0\u00bb#FFFFFF\u00a0\u00bb text_font_size=\u00a0\u00bb32px\u00a0\u00bb text_line_height=\u00a0\u00bb1.3em\u00a0\u00bb background_color=\u00a0\u00bb#565868&Prime; text_font_size_tablet=\u00a0\u00bb28px\u00a0\u00bb text_font_size_phone=\u00a0\u00bb24px\u00a0\u00bb text_font_size_last_edited=\u00a0\u00bbon|tablet\u00a0\u00bb global_colors_info=\u00a0\u00bb{}\u00a0\u00bb]<\/p>\n<p>Une multitude d&rsquo;\u00eeles<\/p>\n<p>[\/et_pb_text][et_pb_text _builder_version=\u00a0\u00bb4.18.0&Prime; _module_preset=\u00a0\u00bbdefault\u00a0\u00bb text_font=\u00a0\u00bb|600|||||||\u00a0\u00bb text_text_color=\u00a0\u00bb#FFFFFF\u00a0\u00bb text_font_size=\u00a0\u00bb20px\u00a0\u00bb text_line_height=\u00a0\u00bb1.3em\u00a0\u00bb background_color=\u00a0\u00bb#565868&Prime; text_font_size_tablet=\u00a0\u00bb18px\u00a0\u00bb text_font_size_phone=\u00a0\u00bb16px\u00a0\u00bb text_font_size_last_edited=\u00a0\u00bbon|phone\u00a0\u00bb saved_tabs=\u00a0\u00bball\u00a0\u00bb global_colors_info=\u00a0\u00bb{}\u00a0\u00bb]<\/p>\n<p>Plus de 800 \u00eeles \u00e0 explorer. Une vie suffira-t-elle ?<\/p>\n<p>[\/et_pb_text][\/et_pb_column_inner][\/et_pb_row_inner][\/et_pb_column][et_pb_column type=\u00a0\u00bb1_4&Prime; _builder_version=\u00a0\u00bb4.16&Prime; custom_padding=\u00a0\u00bb|||\u00a0\u00bb global_colors_info=\u00a0\u00bb{}\u00a0\u00bb custom_padding__hover=\u00a0\u00bb|||\u00a0\u00bb][et_pb_image src=\u00a0\u00bbhttps:\/\/nature.thelastbee.ch\/wp-content\/uploads\/2022\/09\/Ecosse-stylisee-gris-clair.jpg\u00a0\u00bb title_text=\u00a0\u00bbEcosse stylise\u0301e2&Prime; _builder_version=\u00a0\u00bb4.18.0&Prime; _module_preset=\u00a0\u00bbdefault\u00a0\u00bb min_height=\u00a0\u00bb100px\u00a0\u00bb height=\u00a0\u00bb100px\u00a0\u00bb max_height=\u00a0\u00bb100px\u00a0\u00bb global_colors_info=\u00a0\u00bb{}\u00a0\u00bb][\/et_pb_image][\/et_pb_column][\/et_pb_section][et_pb_section fb_built=\u00a0\u00bb1&Prime; specialty=\u00a0\u00bbon\u00a0\u00bb _builder_version=\u00a0\u00bb4.18.0&Prime; _module_preset=\u00a0\u00bbdefault\u00a0\u00bb background_color=\u00a0\u00bb#33343f\u00a0\u00bb global_colors_info=\u00a0\u00bb{}\u00a0\u00bb][et_pb_column type=\u00a0\u00bb3_4&Prime; specialty_columns=\u00a0\u00bb3&Prime; _builder_version=\u00a0\u00bb4.16&Prime; custom_padding=\u00a0\u00bb|||\u00a0\u00bb global_colors_info=\u00a0\u00bb{}\u00a0\u00bb custom_padding__hover=\u00a0\u00bb|||\u00a0\u00bb][et_pb_row_inner _builder_version=\u00a0\u00bb4.18.0&Prime; _module_preset=\u00a0\u00bbdefault\u00a0\u00bb global_colors_info=\u00a0\u00bb{}\u00a0\u00bb][et_pb_column_inner saved_specialty_column_type=\u00a0\u00bb3_4&Prime; _builder_version=\u00a0\u00bb4.18.0&Prime; _module_preset=\u00a0\u00bbdefault\u00a0\u00bb global_colors_info=\u00a0\u00bb{}\u00a0\u00bb][et_pb_menu menu_id=\u00a0\u00bb13&Prime; active_link_color=\u00a0\u00bb#FFFFFF\u00a0\u00bb dropdown_menu_active_link_color=\u00a0\u00bb#FFFFFF\u00a0\u00bb _builder_version=\u00a0\u00bb4.18.0&Prime; _module_preset=\u00a0\u00bbdefault\u00a0\u00bb menu_font=\u00a0\u00bb|600|||||||\u00a0\u00bb menu_text_color=\u00a0\u00bbrgba(255,255,255,0.6)\u00a0\u00bb menu_font_size=\u00a0\u00bb18px\u00a0\u00bb background_color=\u00a0\u00bb#33343f\u00a0\u00bb text_orientation=\u00a0\u00bbright\u00a0\u00bb border_width_bottom=\u00a0\u00bb1px\u00a0\u00bb border_color_bottom=\u00a0\u00bb#FFFFFF\u00a0\u00bb global_colors_info=\u00a0\u00bb{}\u00a0\u00bb][\/et_pb_menu][\/et_pb_column_inner][\/et_pb_row_inner][et_pb_row_inner _builder_version=\u00a0\u00bb4.18.0&Prime; _module_preset=\u00a0\u00bbdefault\u00a0\u00bb global_colors_info=\u00a0\u00bb{}\u00a0\u00bb][et_pb_column_inner saved_specialty_column_type=\u00a0\u00bb3_4&Prime; _builder_version=\u00a0\u00bb4.18.0&Prime; _module_preset=\u00a0\u00bbdefault\u00a0\u00bb global_colors_info=\u00a0\u00bb{}\u00a0\u00bb][et_pb_text _builder_version=\u00a0\u00bb4.18.0&Prime; _module_preset=\u00a0\u00bbdefault\u00a0\u00bb text_text_color=\u00a0\u00bb#FFFFFF\u00a0\u00bb global_colors_info=\u00a0\u00bb{}\u00a0\u00bb]<\/p>\n<p>Orcades, Shetlands, H\u00e9brides int\u00e9rieures et ext\u00e9rieures, les \u00eeles \u00e9cossaises offrent une multitude de paysages diff\u00e9rents, habitats de nombreuses esp\u00e8ces d&rsquo;oiseaux, parfois tr\u00e8s confiants, un v\u00e9ritable paradis pour l&rsquo;ornithologue et le photographe.<\/p>\n<p>[\/et_pb_text][et_pb_video src=\u00a0\u00bbhttps:\/\/vimeo.com\/746083925&Prime; _builder_version=\u00a0\u00bb4.18.0&Prime; _module_preset=\u00a0\u00bbdefault\u00a0\u00bb global_colors_info=\u00a0\u00bb{}\u00a0\u00bb][\/et_pb_video][et_pb_text _builder_version=\u00a0\u00bb4.18.0&Prime; _module_preset=\u00a0\u00bbdefault\u00a0\u00bb text_text_color=\u00a0\u00bb#FFFFFF\u00a0\u00bb global_colors_info=\u00a0\u00bb{}\u00a0\u00bb]<\/p>\n<p>Sur Huist, dans les H\u00e9brides ext\u00e9rieures, nous sommes intrigu\u00e9s par le cri r\u00e9gulier d&rsquo;un animal dans les herbes. Il s&rsquo;agit du cri de parade d&rsquo;un R\u00e2le des gen\u00eats.<\/p>\n<p>Autrefois fr\u00e9quent dans tous le Royaume Uni,\u00a0on n&rsquo;a maintenant de chance de l&rsquo;apercevoir que dans les \u00eeles du nord ouest de l&rsquo;Ecosse tant il est discret.<\/p>\n<p>[\/et_pb_text][\/et_pb_column_inner][\/et_pb_row_inner][et_pb_row_inner _builder_version=\u00a0\u00bb4.19.2&Prime; _module_preset=\u00a0\u00bbdefault\u00a0\u00bb global_colors_info=\u00a0\u00bb{}\u00a0\u00bb][et_pb_column_inner saved_specialty_column_type=\u00a0\u00bb3_4&Prime; _builder_version=\u00a0\u00bb4.19.2&Prime; _module_preset=\u00a0\u00bbdefault\u00a0\u00bb global_colors_info=\u00a0\u00bb{}\u00a0\u00bb][et_pb_divider _builder_version=\u00a0\u00bb4.19.2&Prime; _module_preset=\u00a0\u00bbdefault\u00a0\u00bb global_colors_info=\u00a0\u00bb{}\u00a0\u00bb][\/et_pb_divider][\/et_pb_column_inner][\/et_pb_row_inner][et_pb_row_inner _builder_version=\u00a0\u00bb4.18.0&Prime; _module_preset=\u00a0\u00bbdefault\u00a0\u00bb global_colors_info=\u00a0\u00bb{}\u00a0\u00bb][et_pb_column_inner saved_specialty_column_type=\u00a0\u00bb3_4&Prime; _builder_version=\u00a0\u00bb4.18.0&Prime; _module_preset=\u00a0\u00bbdefault\u00a0\u00bb global_colors_info=\u00a0\u00bb{}\u00a0\u00bb][et_pb_text _builder_version=\u00a0\u00bb4.19.2&Prime; _module_preset=\u00a0\u00bbdefault\u00a0\u00bb text_text_color=\u00a0\u00bb#FFFFFF\u00a0\u00bb global_colors_info=\u00a0\u00bb{}\u00a0\u00bb]<\/p>\n<p>Au nord de l&rsquo;Ecosse, les \u00eeles  Shetlands offrent au naturaliste de nombreuses opportunit\u00e9s d&rsquo;approcher la faune.<\/p>\n<p>[\/et_pb_text][et_pb_video src=\u00a0\u00bbhttps:\/\/vimeo.com\/794914095&Prime; _builder_version=\u00a0\u00bb4.19.2&Prime; _module_preset=\u00a0\u00bbdefault\u00a0\u00bb global_colors_info=\u00a0\u00bb{}\u00a0\u00bb][\/et_pb_video][et_pb_text _builder_version=\u00a0\u00bb4.19.5&Prime; _module_preset=\u00a0\u00bbdefault\u00a0\u00bb text_text_color=\u00a0\u00bb#FFFFFF\u00a0\u00bb hover_enabled=\u00a0\u00bb0&Prime; global_colors_info=\u00a0\u00bb{}\u00a0\u00bb sticky_enabled=\u00a0\u00bb0&Prime;]<\/p>\n<p>Sur cette vid\u00e9o, tourn\u00e9e au format miniDV il y a plus de 20 ans, on croise plusieurs oiseaux de mer, mais aussi des phoques. Tout \u00e0 la fin, une loutre de mer appara\u00eet bri\u00e8vement entre des rochers.<\/p>\n<p>Le format original de la vid\u00e9o est de 720&#215;576 pixels&#8230; rectangulaires. Transform\u00e9e en pixels carr\u00e9s, les frames font alors 768&#215;576 pixels, avec \u00e9videmment une l\u00e9g\u00e8re perte de d\u00e9finition.[\/et_pb_text][\/et_pb_column_inner][\/et_pb_row_inner][\/et_pb_column][et_pb_column type=\u00a0\u00bb1_4&Prime; _builder_version=\u00a0\u00bb4.16&Prime; custom_padding=\u00a0\u00bb|||\u00a0\u00bb global_colors_info=\u00a0\u00bb{}\u00a0\u00bb custom_padding__hover=\u00a0\u00bb|||\u00a0\u00bb][et_pb_text _builder_version=\u00a0\u00bb4.19.2&Prime; _module_preset=\u00a0\u00bbdefault\u00a0\u00bb text_font=\u00a0\u00bb|600|||||||\u00a0\u00bb text_text_color=\u00a0\u00bb#FFFFFF\u00a0\u00bb text_line_height=\u00a0\u00bb2em\u00a0\u00bb header_text_color=\u00a0\u00bb#FFFFFF\u00a0\u00bb background_color=\u00a0\u00bb#565868&Prime; background_layout=\u00a0\u00bbdark\u00a0\u00bb min_height=\u00a0\u00bb380px\u00a0\u00bb height=\u00a0\u00bb380px\u00a0\u00bb max_height=\u00a0\u00bb380px\u00a0\u00bb custom_padding=\u00a0\u00bb12px|20px||12px|false|false\u00a0\u00bb global_module=\u00a0\u00bb721&Prime; saved_tabs=\u00a0\u00bball\u00a0\u00bb global_colors_info=\u00a0\u00bb{}\u00a0\u00bb]<\/p>\n<p><b>NOUVEAUTES<\/b><\/p>\n<p>\n<a href=\"https:\/\/nature.thelastbee.ch\/fr_fr\/europe\/france\/france-videos\/\">France : Le Teich &#8211; Castors du Gardon<\/a><br \/>\n<a href=\"https:\/\/nature.thelastbee.ch\/fr_fr\/europe\/scandinavie\/spitzberg\/\">Ours polaires<\/a><br \/>\n<a href=\"https:\/\/nature.thelastbee.ch\/fr_fr\/europe\/suisse\/videos-suisse\/\">Visiteurs nocturnes<\/a><br \/>\n<a href=\"https:\/\/nature.thelastbee.ch\/fr_fr\/kenya-safari\/kenya-galeries\/ol-pejeta\/\">Ol Pejeta picts<\/a><br \/>\n<a href=\"https:\/\/nature.thelastbee.ch\/fr_fr\/kenya-safari\/kenya-galeries\/nakuru-galerie\/\">Lake Nakuru picts<\/a><br \/>\n<a href=\"https:\/\/nature.thelastbee.ch\/fr_fr\/kenya-safari\/kenya-movies\/oiseaux-kenya\/\">Birds in Samburu movie<\/a><br \/>\n<a href=\"https:\/\/nature.thelastbee.ch\/kenya-safari\/kenya-movies\/mammiferes\/\">Giant forest Hogs<\/a><br \/>\n<a href=\"https:\/\/nature.thelastbee.ch\/kenya-safari\/videos-felins\/\">Gu\u00e9pards<\/a><\/p>\n<p>[\/et_pb_text][\/et_pb_column][\/et_pb_section]<\/p>\n","protected":false},"excerpt":{"rendered":"<p>Une multitude d&rsquo;\u00eelesPlus de 800 \u00eeles \u00e0 explorer. Une vie suffira-t-elle ?Orcades, Shetlands, H\u00e9brides int\u00e9rieures et ext\u00e9rieures, les \u00eeles \u00e9cossaises offrent une multitude de paysages diff\u00e9rents, habitats de nombreuses esp\u00e8ces d&rsquo;oiseaux, parfois tr\u00e8s confiants, un v\u00e9ritable paradis pour l&rsquo;ornithologue et le photographe.Sur Huist, dans les H\u00e9brides ext\u00e9rieures, nous sommes intrigu\u00e9s par le cri r\u00e9gulier d&rsquo;un [&hellip;]<\/p>\n","protected":false},"author":1,"featured_media":0,"parent":753,"menu_order":1,"comment_status":"closed","ping_status":"closed","template":"","meta":{"_et_pb_use_builder":"on","_et_pb_old_content":"","_et_gb_content_width":"","footnotes":""},"class_list":["post-834","page","type-page","status-publish","hentry"],"_links":{"self":[{"href":"https:\/\/nature.thelastbee.ch\/en\/wp-json\/wp\/v2\/pages\/834","targetHints":{"allow":["GET"]}}],"collection":[{"href":"https:\/\/nature.thelastbee.ch\/en\/wp-json\/wp\/v2\/pages"}],"about":[{"href":"https:\/\/nature.thelastbee.ch\/en\/wp-json\/wp\/v2\/types\/page"}],"author":[{"embeddable":true,"href":"https:\/\/nature.thelastbee.ch\/en\/wp-json\/wp\/v2\/users\/1"}],"replies":[{"embeddable":true,"href":"https:\/\/nature.thelastbee.ch\/en\/wp-json\/wp\/v2\/comments?post=834"}],"version-history":[{"count":11,"href":"https:\/\/nature.thelastbee.ch\/en\/wp-json\/wp\/v2\/pages\/834\/revisions"}],"predecessor-version":[{"id":1780,"href":"https:\/\/nature.thelastbee.ch\/en\/wp-json\/wp\/v2\/pages\/834\/revisions\/1780"}],"up":[{"embeddable":true,"href":"https:\/\/nature.thelastbee.ch\/en\/wp-json\/wp\/v2\/pages\/753"}],"wp:attachment":[{"href":"https:\/\/nature.thelastbee.ch\/en\/wp-json\/wp\/v2\/media?parent=834"}],"curies":[{"name":"wp","href":"https:\/\/api.w.org\/{rel}","templated":true}]}}