{"id":2220,"date":"2024-02-14T19:03:10","date_gmt":"2024-02-14T18:03:46","guid":{"rendered":"https:\/\/nature.thelastbee.ch\/?page_id=2220"},"modified":"2024-04-30T11:13:06","modified_gmt":"2024-04-30T09:13:06","slug":"ouest-canada","status":"publish","type":"page","link":"https:\/\/nature.thelastbee.ch\/en\/ouest-canada\/","title":{"rendered":"Ouest canadien"},"content":{"rendered":"<p>[et_pb_section fb_built=\u00a0\u00bb1&Prime; specialty=\u00a0\u00bbon\u00a0\u00bb _builder_version=\u00a0\u00bb4.21.0&Prime; _module_preset=\u00a0\u00bbdefault\u00a0\u00bb background_color=\u00a0\u00bb#565868&Prime; global_colors_info=\u00a0\u00bb{}\u00a0\u00bb][et_pb_column type=\u00a0\u00bb3_4&Prime; specialty_columns=\u00a0\u00bb3&Prime; _builder_version=\u00a0\u00bb4.16&Prime; custom_padding=\u00a0\u00bb|||\u00a0\u00bb global_colors_info=\u00a0\u00bb{}\u00a0\u00bb custom_padding__hover=\u00a0\u00bb|||\u00a0\u00bb][et_pb_row_inner _builder_version=\u00a0\u00bb4.18.0&Prime; _module_preset=\u00a0\u00bbdefault\u00a0\u00bb width_tablet=\u00a0\u00bb\u00a0\u00bb width_phone=\u00a0\u00bb\u00a0\u00bb width_last_edited=\u00a0\u00bbon|desktop\u00a0\u00bb global_colors_info=\u00a0\u00bb{}\u00a0\u00bb][et_pb_column_inner saved_specialty_column_type=\u00a0\u00bb3_4&Prime; _builder_version=\u00a0\u00bb4.18.0&Prime; _module_preset=\u00a0\u00bbdefault\u00a0\u00bb global_colors_info=\u00a0\u00bb{}\u00a0\u00bb][et_pb_text _builder_version=\u00a0\u00bb4.24.0&Prime; _module_preset=\u00a0\u00bbdefault\u00a0\u00bb text_font=\u00a0\u00bb|600|||||||\u00a0\u00bb text_text_color=\u00a0\u00bb#FFFFFF\u00a0\u00bb text_font_size=\u00a0\u00bb32px\u00a0\u00bb text_line_height=\u00a0\u00bb1.3em\u00a0\u00bb background_color=\u00a0\u00bb#565868&Prime; text_font_size_tablet=\u00a0\u00bb28px\u00a0\u00bb text_font_size_phone=\u00a0\u00bb24px\u00a0\u00bb text_font_size_last_edited=\u00a0\u00bbon|phone\u00a0\u00bb global_colors_info=\u00a0\u00bb{}\u00a0\u00bb]<\/p>\n<p>Nord-Ouest canadien<\/p>\n<p>[\/et_pb_text][et_pb_text _builder_version=\u00a0\u00bb4.24.0&Prime; _module_preset=\u00a0\u00bbdefault\u00a0\u00bb text_font=\u00a0\u00bb|600|||||||\u00a0\u00bb text_text_color=\u00a0\u00bb#FFFFFF\u00a0\u00bb text_font_size=\u00a0\u00bb22px\u00a0\u00bb text_line_height=\u00a0\u00bb1.3em\u00a0\u00bb background_color=\u00a0\u00bb#565868&Prime; text_font_size_tablet=\u00a0\u00bb20px\u00a0\u00bb text_font_size_phone=\u00a0\u00bb18px\u00a0\u00bb text_font_size_last_edited=\u00a0\u00bbon|phone\u00a0\u00bb saved_tabs=\u00a0\u00bball\u00a0\u00bb global_colors_info=\u00a0\u00bb{}\u00a0\u00bb]<\/p>\n<p>Voyage au pays des ours<\/p>\n<p>[\/et_pb_text][\/et_pb_column_inner][\/et_pb_row_inner][\/et_pb_column][et_pb_column type=\u00a0\u00bb1_4&Prime; _builder_version=\u00a0\u00bb4.16&Prime; custom_padding=\u00a0\u00bb|||\u00a0\u00bb global_colors_info=\u00a0\u00bb{}\u00a0\u00bb custom_padding__hover=\u00a0\u00bb|||\u00a0\u00bb][et_pb_image src=\u00a0\u00bbhttps:\/\/nature.thelastbee.ch\/wp-content\/uploads\/2024\/02\/Am.-du-Nord-1.jpg\u00a0\u00bb title_text=\u00a0\u00bbAm. du Nord\u00a0\u00bb _builder_version=\u00a0\u00bb4.24.0&Prime; _module_preset=\u00a0\u00bbdefault\u00a0\u00bb global_colors_info=\u00a0\u00bb{}\u00a0\u00bb][\/et_pb_image][\/et_pb_column][\/et_pb_section][et_pb_section fb_built=\u00a0\u00bb1&Prime; specialty=\u00a0\u00bbon\u00a0\u00bb _builder_version=\u00a0\u00bb4.21.0&Prime; _module_preset=\u00a0\u00bbdefault\u00a0\u00bb background_color=\u00a0\u00bb#33343f\u00a0\u00bb global_colors_info=\u00a0\u00bb{}\u00a0\u00bb][et_pb_column type=\u00a0\u00bb3_4&Prime; specialty_columns=\u00a0\u00bb3&Prime; _builder_version=\u00a0\u00bb4.16&Prime; custom_padding=\u00a0\u00bb|||\u00a0\u00bb global_colors_info=\u00a0\u00bb{}\u00a0\u00bb custom_padding__hover=\u00a0\u00bb|||\u00a0\u00bb][et_pb_row_inner _builder_version=\u00a0\u00bb4.18.0&Prime; _module_preset=\u00a0\u00bbdefault\u00a0\u00bb global_colors_info=\u00a0\u00bb{}\u00a0\u00bb][et_pb_column_inner saved_specialty_column_type=\u00a0\u00bb3_4&Prime; _builder_version=\u00a0\u00bb4.18.0&Prime; _module_preset=\u00a0\u00bbdefault\u00a0\u00bb global_colors_info=\u00a0\u00bb{}\u00a0\u00bb][et_pb_menu menu_id=\u00a0\u00bb22&Prime; active_link_color=\u00a0\u00bb#FFFFFF\u00a0\u00bb dropdown_menu_active_link_color=\u00a0\u00bb#FFFFFF\u00a0\u00bb _builder_version=\u00a0\u00bb4.24.0&Prime; _module_preset=\u00a0\u00bbdefault\u00a0\u00bb menu_font=\u00a0\u00bb|600|||||||\u00a0\u00bb menu_text_color=\u00a0\u00bbrgba(255,255,255,0.6)\u00a0\u00bb menu_font_size=\u00a0\u00bb18px\u00a0\u00bb background_color=\u00a0\u00bb#33343f\u00a0\u00bb text_orientation=\u00a0\u00bbright\u00a0\u00bb border_width_bottom=\u00a0\u00bb1px\u00a0\u00bb border_color_bottom=\u00a0\u00bb#FFFFFF\u00a0\u00bb global_colors_info=\u00a0\u00bb{}\u00a0\u00bb][\/et_pb_menu][\/et_pb_column_inner][\/et_pb_row_inner][et_pb_row_inner _builder_version=\u00a0\u00bb4.18.0&Prime; _module_preset=\u00a0\u00bbdefault\u00a0\u00bb global_colors_info=\u00a0\u00bb{}\u00a0\u00bb][et_pb_column_inner saved_specialty_column_type=\u00a0\u00bb3_4&Prime; _builder_version=\u00a0\u00bb4.18.0&Prime; _module_preset=\u00a0\u00bbdefault\u00a0\u00bb global_colors_info=\u00a0\u00bb{}\u00a0\u00bb][et_pb_text _builder_version=\u00a0\u00bb4.25.0&Prime; _module_preset=\u00a0\u00bbdefault\u00a0\u00bb text_text_color=\u00a0\u00bb#FFFFFF\u00a0\u00bb global_colors_info=\u00a0\u00bb{}\u00a0\u00bb]<\/p>\n<p>De Calgary \u00e0 l&rsquo;\u00eele de Vancouver, en passant par Banff, Jasper, Stewart et Prince Rupert .<\/p>\n<p>[\/et_pb_text][et_pb_video src=\u00a0\u00bbhttps:\/\/vimeo.com\/941142358?share=copy\u00a0\u00bb _builder_version=\u00a0\u00bb4.25.0&Prime; _module_preset=\u00a0\u00bbdefault\u00a0\u00bb global_colors_info=\u00a0\u00bb{}\u00a0\u00bb][\/et_pb_video][et_pb_text _builder_version=\u00a0\u00bb4.25.0&Prime; _module_preset=\u00a0\u00bbdefault\u00a0\u00bb global_colors_info=\u00a0\u00bb{}\u00a0\u00bb]<\/p>\n<p>Au nord de Vancouver, \u00e0 Stewart, on passe la fronti\u00e8re pour aller observer les Grizzlis p\u00eacher les saumons au bord de la rivi\u00e8re \u00e0 Hyder.<\/p>\n<p>Il y a une m\u00e8re et son jeune qui apprend \u00e0 p\u00eacher, tout en se m\u00e9fiant d&rsquo;un gros m\u00e2le qui arrive \u00e0 son tour et c&rsquo;est la d\u00e9bandade. Plus tard, le jeune commence manifestement \u00e0 s&rsquo;ennuyer. Il s&rsquo;exerce \u00e0 un brin de toilette maladroite, puis cherche \u00e0 jouer avec la m\u00e8re, avant de dispara\u00eetre tous les deux dans la for\u00eat.<\/p>\n<p>[\/et_pb_text][\/et_pb_column_inner][\/et_pb_row_inner][\/et_pb_column][et_pb_column type=\u00a0\u00bb1_4&Prime; _builder_version=\u00a0\u00bb4.16&Prime; custom_padding=\u00a0\u00bb|||\u00a0\u00bb global_colors_info=\u00a0\u00bb{}\u00a0\u00bb custom_padding__hover=\u00a0\u00bb|||\u00a0\u00bb][et_pb_text _builder_version=\u00a0\u00bb4.25.0&Prime; _module_preset=\u00a0\u00bbdefault\u00a0\u00bb text_font=\u00a0\u00bb|600|||||||\u00a0\u00bb text_text_color=\u00a0\u00bb#FFFFFF\u00a0\u00bb text_line_height=\u00a0\u00bb2em\u00a0\u00bb header_text_color=\u00a0\u00bb#FFFFFF\u00a0\u00bb background_color=\u00a0\u00bb#565868&Prime; background_layout=\u00a0\u00bbdark\u00a0\u00bb min_height=\u00a0\u00bb380px\u00a0\u00bb height=\u00a0\u00bb380px\u00a0\u00bb max_height=\u00a0\u00bb380px\u00a0\u00bb custom_padding=\u00a0\u00bb12px|20px||12px|false|false\u00a0\u00bb hover_enabled=\u00a0\u00bb0&Prime; global_module=\u00a0\u00bb721&Prime; saved_tabs=\u00a0\u00bball\u00a0\u00bb global_colors_info=\u00a0\u00bb{}\u00a0\u00bb sticky_enabled=\u00a0\u00bb0&Prime;]<\/p>\n<p><b>NOUVEAUTES<\/b><\/p>\n<p><a href=\"https:\/\/nature.thelastbee.ch\/fr_fr\/ouest-canada\/\">Grizzlis &#8211; ouest canadien<\/a><br \/>\n<a href=\"https:\/\/nature.thelastbee.ch\/fr_fr\/suisse\/\">La Pie-gri\u00e8che \u00e9corcheur<\/a><br \/>\n<a href=\"https:\/\/nature.thelastbee.ch\/fr_fr\/kenya-safari\/kenya-movies\/videos-felins\/\">La course du gu\u00e9pard<\/a><br \/>\n<a href=\"https:\/\/nature.thelastbee.ch\/fr_fr\/kenya-safari\/kenya-movies\/videos-felins\/\">Lionne et lionceaux<\/a><br \/>\n<a href=\"https:\/\/nature.thelastbee.ch\/fr_fr\/kenya-safari\/kenya-movies\/videos-felins\/\">L\u00e9opard<\/a><br \/>\n<a href=\"https:\/\/nature.thelastbee.ch\/fr_fr\/kenya-safari\/kenya-movies\/videos-felins\/\">La marche des lionnes<\/a><br \/>\n<a href=\"https:\/\/nature.thelastbee.ch\/fr_fr\/australie\/australie_videos\/\">Vid\u00e9os en Australie<\/a><br \/>\n<a href=\"https:\/\/nature.thelastbee.ch\/fr_fr\/europe\/suisse\/videos-suisse\/\">Des visiteurs au compost<\/a><br \/>\n<ahref=\"https:\/\/nature.thelastbee.ch\/fr_fr\/europe\/scandinavie\/spitzberg\/\">Ours polaires<\/a><\/p>\n<p>[\/et_pb_text][\/et_pb_column][\/et_pb_section]<\/p>\n","protected":false},"excerpt":{"rendered":"<p>Nord-Ouest canadienVoyage au pays des oursDe Calgary \u00e0 l&rsquo;\u00eele de Vancouver, en passant par Banff, Jasper, Stewart et Prince Rupert .Au nord de Vancouver, \u00e0 Stewart, on passe la fronti\u00e8re pour aller observer les Grizzlis p\u00eacher les saumons au bord de la rivi\u00e8re \u00e0 Hyder. Il y a une m\u00e8re et son jeune qui apprend [&hellip;]<\/p>\n","protected":false},"author":1,"featured_media":0,"parent":0,"menu_order":4,"comment_status":"closed","ping_status":"closed","template":"","meta":{"_et_pb_use_builder":"on","_et_pb_old_content":"","_et_gb_content_width":"","footnotes":""},"class_list":["post-2220","page","type-page","status-publish","hentry"],"_links":{"self":[{"href":"https:\/\/nature.thelastbee.ch\/en\/wp-json\/wp\/v2\/pages\/2220","targetHints":{"allow":["GET"]}}],"collection":[{"href":"https:\/\/nature.thelastbee.ch\/en\/wp-json\/wp\/v2\/pages"}],"about":[{"href":"https:\/\/nature.thelastbee.ch\/en\/wp-json\/wp\/v2\/types\/page"}],"author":[{"embeddable":true,"href":"https:\/\/nature.thelastbee.ch\/en\/wp-json\/wp\/v2\/users\/1"}],"replies":[{"embeddable":true,"href":"https:\/\/nature.thelastbee.ch\/en\/wp-json\/wp\/v2\/comments?post=2220"}],"version-history":[{"count":20,"href":"https:\/\/nature.thelastbee.ch\/en\/wp-json\/wp\/v2\/pages\/2220\/revisions"}],"predecessor-version":[{"id":2337,"href":"https:\/\/nature.thelastbee.ch\/en\/wp-json\/wp\/v2\/pages\/2220\/revisions\/2337"}],"wp:attachment":[{"href":"https:\/\/nature.thelastbee.ch\/en\/wp-json\/wp\/v2\/media?parent=2220"}],"curies":[{"name":"wp","href":"https:\/\/api.w.org\/{rel}","templated":true}]}}