{"id":2084,"date":"2023-08-20T14:17:10","date_gmt":"2023-08-20T12:17:10","guid":{"rendered":"https:\/\/nature.thelastbee.ch\/?page_id=2084"},"modified":"2024-01-20T15:22:46","modified_gmt":"2024-01-20T14:22:46","slug":"australie_videos","status":"publish","type":"page","link":"https:\/\/nature.thelastbee.ch\/en\/australie\/australie_videos\/","title":{"rendered":"Videos Australie"},"content":{"rendered":"<p>[et_pb_section fb_built=\u00a0\u00bb1&Prime; specialty=\u00a0\u00bbon\u00a0\u00bb _builder_version=\u00a0\u00bb4.21.0&Prime; _module_preset=\u00a0\u00bbdefault\u00a0\u00bb background_color=\u00a0\u00bb#565868&Prime; global_colors_info=\u00a0\u00bb{}\u00a0\u00bb][et_pb_column type=\u00a0\u00bb3_4&Prime; specialty_columns=\u00a0\u00bb3&Prime; _builder_version=\u00a0\u00bb4.16&Prime; custom_padding=\u00a0\u00bb|||\u00a0\u00bb global_colors_info=\u00a0\u00bb{}\u00a0\u00bb custom_padding__hover=\u00a0\u00bb|||\u00a0\u00bb][et_pb_row_inner _builder_version=\u00a0\u00bb4.18.0&Prime; _module_preset=\u00a0\u00bbdefault\u00a0\u00bb width_tablet=\u00a0\u00bb\u00a0\u00bb width_phone=\u00a0\u00bb\u00a0\u00bb width_last_edited=\u00a0\u00bbon|desktop\u00a0\u00bb global_colors_info=\u00a0\u00bb{}\u00a0\u00bb][et_pb_column_inner saved_specialty_column_type=\u00a0\u00bb3_4&Prime; _builder_version=\u00a0\u00bb4.18.0&Prime; _module_preset=\u00a0\u00bbdefault\u00a0\u00bb global_colors_info=\u00a0\u00bb{}\u00a0\u00bb][et_pb_text _builder_version=\u00a0\u00bb4.21.0&Prime; _module_preset=\u00a0\u00bbdefault\u00a0\u00bb text_font=\u00a0\u00bb|600|||||||\u00a0\u00bb text_text_color=\u00a0\u00bb#FFFFFF\u00a0\u00bb text_font_size=\u00a0\u00bb32px\u00a0\u00bb text_line_height=\u00a0\u00bb1.3em\u00a0\u00bb background_color=\u00a0\u00bb#565868&Prime; text_font_size_tablet=\u00a0\u00bb28px\u00a0\u00bb text_font_size_phone=\u00a0\u00bb24px\u00a0\u00bb text_font_size_last_edited=\u00a0\u00bbon|phone\u00a0\u00bb global_colors_info=\u00a0\u00bb{}\u00a0\u00bb]<\/p>\n<p>Australie<\/p>\n<p>[\/et_pb_text][et_pb_text _builder_version=\u00a0\u00bb4.22.1&Prime; _module_preset=\u00a0\u00bbdefault\u00a0\u00bb text_font=\u00a0\u00bb|600|||||||\u00a0\u00bb text_text_color=\u00a0\u00bb#FFFFFF\u00a0\u00bb text_font_size=\u00a0\u00bb22px\u00a0\u00bb text_line_height=\u00a0\u00bb1.3em\u00a0\u00bb background_color=\u00a0\u00bb#565868&Prime; text_font_size_tablet=\u00a0\u00bb20px\u00a0\u00bb text_font_size_phone=\u00a0\u00bb18px\u00a0\u00bb text_font_size_last_edited=\u00a0\u00bbon|phone\u00a0\u00bb saved_tabs=\u00a0\u00bball\u00a0\u00bb global_colors_info=\u00a0\u00bb{}\u00a0\u00bb]<\/p>\n<p>Quelques vid\u00e9os autour de l&rsquo;Australie<\/p>\n<p>[\/et_pb_text][\/et_pb_column_inner][\/et_pb_row_inner][\/et_pb_column][et_pb_column type=\u00a0\u00bb1_4&Prime; _builder_version=\u00a0\u00bb4.16&Prime; custom_padding=\u00a0\u00bb|||\u00a0\u00bb global_colors_info=\u00a0\u00bb{}\u00a0\u00bb custom_padding__hover=\u00a0\u00bb|||\u00a0\u00bb][et_pb_image src=\u00a0\u00bbhttps:\/\/nature.thelastbee.ch\/wp-content\/uploads\/2023\/07\/Australie.png\u00a0\u00bb title_text=\u00a0\u00bbAustralie\u00a0\u00bb _builder_version=\u00a0\u00bb4.21.0&Prime; _module_preset=\u00a0\u00bbdefault\u00a0\u00bb global_colors_info=\u00a0\u00bb{}\u00a0\u00bb][\/et_pb_image][\/et_pb_column][\/et_pb_section][et_pb_section fb_built=\u00a0\u00bb1&Prime; specialty=\u00a0\u00bbon\u00a0\u00bb _builder_version=\u00a0\u00bb4.21.0&Prime; _module_preset=\u00a0\u00bbdefault\u00a0\u00bb background_color=\u00a0\u00bb#33343f\u00a0\u00bb global_colors_info=\u00a0\u00bb{}\u00a0\u00bb][et_pb_column type=\u00a0\u00bb3_4&Prime; specialty_columns=\u00a0\u00bb3&Prime; _builder_version=\u00a0\u00bb4.16&Prime; custom_padding=\u00a0\u00bb|||\u00a0\u00bb global_colors_info=\u00a0\u00bb{}\u00a0\u00bb custom_padding__hover=\u00a0\u00bb|||\u00a0\u00bb][et_pb_row_inner _builder_version=\u00a0\u00bb4.18.0&Prime; _module_preset=\u00a0\u00bbdefault\u00a0\u00bb global_colors_info=\u00a0\u00bb{}\u00a0\u00bb][et_pb_column_inner saved_specialty_column_type=\u00a0\u00bb3_4&Prime; _builder_version=\u00a0\u00bb4.18.0&Prime; _module_preset=\u00a0\u00bbdefault\u00a0\u00bb global_colors_info=\u00a0\u00bb{}\u00a0\u00bb][et_pb_menu menu_id=\u00a0\u00bb20&Prime; active_link_color=\u00a0\u00bb#FFFFFF\u00a0\u00bb dropdown_menu_active_link_color=\u00a0\u00bb#FFFFFF\u00a0\u00bb _builder_version=\u00a0\u00bb4.21.0&Prime; _module_preset=\u00a0\u00bbdefault\u00a0\u00bb menu_font=\u00a0\u00bb|600|||||||\u00a0\u00bb menu_text_color=\u00a0\u00bbrgba(255,255,255,0.6)\u00a0\u00bb menu_font_size=\u00a0\u00bb18px\u00a0\u00bb background_color=\u00a0\u00bb#33343f\u00a0\u00bb text_orientation=\u00a0\u00bbright\u00a0\u00bb border_width_bottom=\u00a0\u00bb1px\u00a0\u00bb border_color_bottom=\u00a0\u00bb#FFFFFF\u00a0\u00bb global_colors_info=\u00a0\u00bb{}\u00a0\u00bb][\/et_pb_menu][\/et_pb_column_inner][\/et_pb_row_inner][et_pb_row_inner _builder_version=\u00a0\u00bb4.18.0&Prime; _module_preset=\u00a0\u00bbdefault\u00a0\u00bb global_colors_info=\u00a0\u00bb{}\u00a0\u00bb][et_pb_column_inner saved_specialty_column_type=\u00a0\u00bb3_4&Prime; _builder_version=\u00a0\u00bb4.18.0&Prime; _module_preset=\u00a0\u00bbdefault\u00a0\u00bb global_colors_info=\u00a0\u00bb{}\u00a0\u00bb][et_pb_text _builder_version=\u00a0\u00bb4.22.1&Prime; _module_preset=\u00a0\u00bbdefault\u00a0\u00bb text_text_color=\u00a0\u00bb#FFFFFF\u00a0\u00bb global_colors_info=\u00a0\u00bb{}\u00a0\u00bb]<\/p>\n<p>Excursions aux baleines \u00e0 bosse \u00e0 Exmouth sur la c\u00f4te Est.<\/p>\n<p>[\/et_pb_text][et_pb_video src=\u00a0\u00bbhttps:\/\/vimeo.com\/856126769?share=copy\u00a0\u00bb _builder_version=\u00a0\u00bb4.22.1&Prime; _module_preset=\u00a0\u00bbdefault\u00a0\u00bb global_colors_info=\u00a0\u00bb{}\u00a0\u00bb][\/et_pb_video][et_pb_text _builder_version=\u00a0\u00bb4.22.1&Prime; _module_preset=\u00a0\u00bbdefault\u00a0\u00bb text_text_color=\u00a0\u00bb#FFFFFF\u00a0\u00bb hover_enabled=\u00a0\u00bb0&Prime; global_colors_info=\u00a0\u00bb{}\u00a0\u00bb sticky_enabled=\u00a0\u00bb0&Prime;]<\/p>\n<p>Deux excursions en soir\u00e9e nous ont permis d&rsquo;observer tout d&rsquo;abord les m\u00e8res avec leur jeune puis, deux jours plus tard, une m\u00e8re effectuant des sauts, puis apprenant \u00e0 son rejeton diverses m\u00e9thodes de communication avec les nageoires et la queue.<\/p>\n<p>[\/et_pb_text][et_pb_divider _builder_version=\u00a0\u00bb4.22.1&Prime; _module_preset=\u00a0\u00bbdefault\u00a0\u00bb global_colors_info=\u00a0\u00bb{}\u00a0\u00bb][\/et_pb_divider][\/et_pb_column_inner][\/et_pb_row_inner][et_pb_row_inner _builder_version=\u00a0\u00bb4.18.0&Prime; _module_preset=\u00a0\u00bbdefault\u00a0\u00bb global_colors_info=\u00a0\u00bb{}\u00a0\u00bb][et_pb_column_inner saved_specialty_column_type=\u00a0\u00bb3_4&Prime; _builder_version=\u00a0\u00bb4.18.0&Prime; _module_preset=\u00a0\u00bbdefault\u00a0\u00bb global_colors_info=\u00a0\u00bb{}\u00a0\u00bb][et_pb_text _builder_version=\u00a0\u00bb4.22.1&Prime; _module_preset=\u00a0\u00bbdefault\u00a0\u00bb text_text_color=\u00a0\u00bb#FFFFFF\u00a0\u00bb global_colors_info=\u00a0\u00bb{}\u00a0\u00bb]<\/p>\n<p>Autour de Cairns et la for\u00eat pluviale.<\/p>\n<p>[\/et_pb_text][et_pb_video src=\u00a0\u00bbhttps:\/\/vimeo.com\/856426112?share=copy\u00a0\u00bb _builder_version=\u00a0\u00bb4.22.1&Prime; _module_preset=\u00a0\u00bbdefault\u00a0\u00bb global_colors_info=\u00a0\u00bb{}\u00a0\u00bb][\/et_pb_video][et_pb_text _builder_version=\u00a0\u00bb4.22.1&Prime; _module_preset=\u00a0\u00bbdefault\u00a0\u00bb text_text_color=\u00a0\u00bb#FFFFFF\u00a0\u00bb global_colors_info=\u00a0\u00bb{}\u00a0\u00bb]<\/p>\n<p>Une excursion de  quatre jours avec un guide dans les environs de Cairns nous a permis de magnifiques observations.<\/p>\n<p>On croise tout d&rsquo;abord une femelle Casoar, puis un bras de rivi\u00e8re nous permet d&rsquo;observer des ornithorynques dans des conditions incroyables. Au bord d&rsquo;un \u00e9tang, une multitude d&rsquo;oiseaux d&rsquo;eau nous entourent, h\u00e9ron bihoreau, martins p\u00eacheurs, dont le pygm\u00e9e, canards et aigrettes.<\/p>\n<p>En for\u00eat, le nid de l&rsquo;oiseau jardinier dor\u00e9 et, de nuit, opossums et kangourous arboricoles, pour finir par des kangourous de rochers.<\/p>\n<p>Enfin, notre guide nous emm\u00e8ne en excursion en barque sur la rivi\u00e8re Daintree. Outre la flore, c&rsquo;\u00e9tait l&rsquo;occasion de voir des podargid\u00e9s au nid, oiseaux si particuliers. Le soir, au retour ce sont les vols d&rsquo;aigrettes qui passent pr\u00e8s de notre bateau. C&rsquo;est aussi l&rsquo;occasion d&rsquo;entendre les sons produits par les autres passagers, le mitraillage des photographes entre autre.<\/p>\n<p>[\/et_pb_text][et_pb_divider _builder_version=\u00a0\u00bb4.22.1&Prime; _module_preset=\u00a0\u00bbdefault\u00a0\u00bb global_colors_info=\u00a0\u00bb{}\u00a0\u00bb][\/et_pb_divider][\/et_pb_column_inner][\/et_pb_row_inner][et_pb_row_inner _builder_version=\u00a0\u00bb4.18.0&Prime; _module_preset=\u00a0\u00bbdefault\u00a0\u00bb global_colors_info=\u00a0\u00bb{}\u00a0\u00bb][et_pb_column_inner saved_specialty_column_type=\u00a0\u00bb3_4&Prime; _builder_version=\u00a0\u00bb4.18.0&Prime; _module_preset=\u00a0\u00bbdefault\u00a0\u00bb global_colors_info=\u00a0\u00bb{}\u00a0\u00bb][et_pb_text _builder_version=\u00a0\u00bb4.22.1&Prime; _module_preset=\u00a0\u00bbdefault\u00a0\u00bb text_text_color=\u00a0\u00bb#FFFFFF\u00a0\u00bb global_colors_info=\u00a0\u00bb{}\u00a0\u00bb]<\/p>\n<p>Kakadu National Park<\/p>\n<p>D&rsquo;une surface de pr\u00e8s de 20&rsquo;000 km2, soit tr\u00e8s l\u00e9g\u00e8rement moins que la surface de la Suisse, le parc national de Kakadu,  proche de Darwin au nord de l&rsquo;Australie, abrite une flore et une faune exceptionnelles<\/p>\n<p>[\/et_pb_text][et_pb_video src=\u00a0\u00bbhttps:\/\/vimeo.com\/857596131?share=copy\u00a0\u00bb _builder_version=\u00a0\u00bb4.22.1&Prime; _module_preset=\u00a0\u00bbdefault\u00a0\u00bb global_colors_info=\u00a0\u00bb{}\u00a0\u00bb][\/et_pb_video][et_pb_text _builder_version=\u00a0\u00bb4.22.1&Prime; _module_preset=\u00a0\u00bbdefault\u00a0\u00bb text_text_color=\u00a0\u00bb#FFFFFF\u00a0\u00bb global_colors_info=\u00a0\u00bb{}\u00a0\u00bb]<\/p>\n<p>Cette vid\u00e9o propose tout d&rsquo;abord deux excursions en bateau sur des \u00e9tangs cr\u00e9\u00e9s par un bras mort de rivi\u00e8re. Oiseaux d&rsquo;eau et crocodiles abondent sur ces \u00e9tendues d&rsquo;eau calmes.<\/p>\n<p>Puis nous nous trouvons au bord de l&rsquo;un de ces \u00e9tangs, malheureusement rapidement chass\u00e9s par un incendie de for\u00eat qui s&rsquo;approche de mani\u00e8re inqui\u00e9tante. Ces incendies, allum\u00e9s pour renouveler l&rsquo;\u00e9tendue foresti\u00e8re, sont cependant dommageables pour la faune.<\/p>\n<p>Au bord de la rivi\u00e8re pr\u00e8s d&rsquo;Ubirr, site aborig\u00e8ne dont quelques gravures rupestre sont montr\u00e9es en fin de vid\u00e9o, on reste cependant \u00e0 distance prudente du bord de l&rsquo;eau, les crocodiles marins \u00e9tant capable de couvrir a grande vitesse une dizaine de m\u00e8tres sur la terre ferme.<\/p>\n<p>[\/et_pb_text][\/et_pb_column_inner][\/et_pb_row_inner][\/et_pb_column][et_pb_column type=\u00a0\u00bb1_4&Prime; _builder_version=\u00a0\u00bb4.16&Prime; custom_padding=\u00a0\u00bb|||\u00a0\u00bb global_colors_info=\u00a0\u00bb{}\u00a0\u00bb custom_padding__hover=\u00a0\u00bb|||\u00a0\u00bb][et_pb_text _builder_version=\u00a0\u00bb4.21.0&Prime; _module_preset=\u00a0\u00bbdefault\u00a0\u00bb text_font=\u00a0\u00bb|600|||||||\u00a0\u00bb text_text_color=\u00a0\u00bb#FFFFFF\u00a0\u00bb text_line_height=\u00a0\u00bb2em\u00a0\u00bb header_text_color=\u00a0\u00bb#FFFFFF\u00a0\u00bb background_color=\u00a0\u00bb#565868&Prime; background_layout=\u00a0\u00bbdark\u00a0\u00bb min_height=\u00a0\u00bb380px\u00a0\u00bb height=\u00a0\u00bb380px\u00a0\u00bb max_height=\u00a0\u00bb380px\u00a0\u00bb custom_padding=\u00a0\u00bb12px|20px||12px|false|false\u00a0\u00bb global_module=\u00a0\u00bb721&Prime; saved_tabs=\u00a0\u00bball\u00a0\u00bb global_colors_info=\u00a0\u00bb{}\u00a0\u00bb]<\/p>\n<p><b>NOUVEAUTES<\/b><\/p>\n<p>\n<a href=\"https:\/\/nature.thelastbee.ch\/fr_fr\/europe\/suisse\/videos-suisse\/\">Des visiteurs dans le compost<\/a><br \/><a href=\"https:\/\/nature.thelastbee.ch\/fr_fr\/europe\/angleterre\/farne\/\">Angleterre-Farne Islands<\/a><br \/>\n<a href=\"https:\/\/nature.thelastbee.ch\/fr_fr\/europe\/angleterre\/norfolk\/\">Angleterre-Norfolk<\/a><br \/>\n<a href=\"https:\/\/nature.thelastbee.ch\/fr_fr\/europe\/france\/france-videos\/\">Castors du Gardon<\/a><br \/>\n<a href=\"https:\/\/nature.thelastbee.ch\/fr_fr\/europe\/scandinavie\/spitzberg\/\">Ours polaires<\/a><br \/>\n<a href=\"https:\/\/nature.thelastbee.ch\/fr_fr\/europe\/suisse\/videos-suisse\/\">Visiteurs nocturnes<\/a><br \/>\n<a href=\"https:\/\/nature.thelastbee.ch\/fr_fr\/kenya-safari\/kenya-movies\/oiseaux-kenya\/\">Birds in Samburu movie<\/a><br \/>\n<a href=\"https:\/\/nature.thelastbee.ch\/kenya-safari\/kenya-movies\/mammiferes\/\">Giant forest Hogs<\/a><br \/>\n<a href=\"https:\/\/nature.thelastbee.ch\/kenya-safari\/videos-felins\/\">F\u00e9lins au Kenya<\/a><\/p>\n<p>[\/et_pb_text][\/et_pb_column][\/et_pb_section]<\/p>\n","protected":false},"excerpt":{"rendered":"<p>AustralieQuelques vid\u00e9os autour de l&rsquo;AustralieExcursions aux baleines \u00e0 bosse \u00e0 Exmouth sur la c\u00f4te Est.Deux excursions en soir\u00e9e nous ont permis d&rsquo;observer tout d&rsquo;abord les m\u00e8res avec leur jeune puis, deux jours plus tard, une m\u00e8re effectuant des sauts, puis apprenant \u00e0 son rejeton diverses m\u00e9thodes de communication avec les nageoires et la queue.Autour de [&hellip;]<\/p>\n","protected":false},"author":1,"featured_media":0,"parent":2029,"menu_order":0,"comment_status":"closed","ping_status":"closed","template":"","meta":{"_et_pb_use_builder":"on","_et_pb_old_content":"","_et_gb_content_width":"","footnotes":""},"class_list":["post-2084","page","type-page","status-publish","hentry"],"_links":{"self":[{"href":"https:\/\/nature.thelastbee.ch\/en\/wp-json\/wp\/v2\/pages\/2084","targetHints":{"allow":["GET"]}}],"collection":[{"href":"https:\/\/nature.thelastbee.ch\/en\/wp-json\/wp\/v2\/pages"}],"about":[{"href":"https:\/\/nature.thelastbee.ch\/en\/wp-json\/wp\/v2\/types\/page"}],"author":[{"embeddable":true,"href":"https:\/\/nature.thelastbee.ch\/en\/wp-json\/wp\/v2\/users\/1"}],"replies":[{"embeddable":true,"href":"https:\/\/nature.thelastbee.ch\/en\/wp-json\/wp\/v2\/comments?post=2084"}],"version-history":[{"count":14,"href":"https:\/\/nature.thelastbee.ch\/en\/wp-json\/wp\/v2\/pages\/2084\/revisions"}],"predecessor-version":[{"id":2141,"href":"https:\/\/nature.thelastbee.ch\/en\/wp-json\/wp\/v2\/pages\/2084\/revisions\/2141"}],"up":[{"embeddable":true,"href":"https:\/\/nature.thelastbee.ch\/en\/wp-json\/wp\/v2\/pages\/2029"}],"wp:attachment":[{"href":"https:\/\/nature.thelastbee.ch\/en\/wp-json\/wp\/v2\/media?parent=2084"}],"curies":[{"name":"wp","href":"https:\/\/api.w.org\/{rel}","templated":true}]}}